 {"id":116,"date":"2022-05-17T14:02:06","date_gmt":"2022-05-17T14:02:06","guid":{"rendered":"https:\/\/occidentaldetornillos.com\/?page_id=116"},"modified":"2024-02-22T21:51:41","modified_gmt":"2024-02-22T21:51:41","slug":"sobre-nosotros","status":"publish","type":"page","link":"https:\/\/occidentaldetornillos.com\/","title":{"rendered":"Sobre nosotros"},"content":{"rendered":"<h2>OCCIDENTAL DE TORNILLOS<\/h2>\n<h2>UNA EMPRESA CON MUCHOS HIERROS<\/h2>\n<p>\t\t\t<a href=\"https:\/\/wa.me\/573238071921\" role=\"button\"><br \/>\n\t\t\t\t\t\tCOMPRA EN LINEA<br \/>\n\t\t\t\t\t<\/a><\/p>\n<h1>sobre<br \/>\n<\/h1>\n<h1>nosotros<\/h1>\n<h2>qui\u00e9nes somos<\/h2>\n<p>Somos\u00a0 una empresa colombiana especializada en satisfacer las necesidades de nuestros clientes con productos de alta calidad acompa\u00f1ado de un excelente servicio.<\/p>\n<p>A trav\u00e9s de nuestro cat\u00e1logo somos el aliado estrat\u00e9gico perfecto para empresas en diferentes industrias.<\/p>\n<h3>Los compromisos que tenemos con nuestros clientes son:<\/h3>\n<h6>Productos de calidad<\/h6>\n<h6>Tiempos de entrega \u00e1giles<\/h6>\n<h6>Precios competitivos<\/h6>\n<h6>Servicio premium post venta<\/h6>\n<h3>\u00bfqu\u00e9 hacemos?<\/h3>\n<p>Nos dedicamos a la distribuci\u00f3n de herramientas inal\u00e1mbricas, el\u00e9ctricas y manuales acompa\u00f1ado de una l\u00ednea de accesorios, mas una gran variedad de referencias en tornilleria, chazos, varillas\u00a0 y todo lo relacionado con el sector ferretero<\/p>\n<p>Desde nuestras bodegas enviamos a nivel nacional productos especializados a industrias:<\/p>\n<h3>\n\t\t\t\t\t\tConstrucci\u00f3n<br \/>\n\t\t\t\t<\/h3>\n<h3>\n\t\t\t\t\t\tautomotriz<br \/>\n\t\t\t\t<\/h3>\n<h3>\n\t\t\t\t\t\tpetrolera<br \/>\n\t\t\t\t<\/h3>\n<h3>\n\t\t\t\t\t\tMiner\u00eda<br \/>\n\t\t\t\t<\/h3>\n<h3>\n\t\t\t\t\t\tagropecuaria<br \/>\n\t\t\t\t<\/h3>\n<h3>Vamos por m\u00e1s<\/h3>\n<p>Ya hemos logrado potenciar los negocios de nuestros clientes en Pitalito, Genesano, Bogot\u00e1, Sogamoso, Duitama, Puerto Velero y vamos por m\u00e1s.<\/p>\n<h3>\n\t\t\t\t\t\tClientes<br \/>\n\t\t\t\t<\/h3>\n<h3>\n\t\t\t\t\t\tEquipo de trabajo<br \/>\n\t\t\t\t<\/h3>\n<h3>Nuestros<br \/> <br \/>\naliados<\/h3>\n<h3>\n\t\t\t\t\t\tInfraestructura<br \/>\n\t\t\t\t<\/h3>\n<h3>\n\t\t\t\t\t\tProveedores y operadores log\u00ecsticos<br \/>\n\t\t\t\t<\/h3>\n<h2>Para acceder a:<\/h2>\n<h3>\n\t\t\t\t\t\tPromociones del mes<br \/>\n\t\t\t\t<\/h3>\n<h3>\n\t\t\t\t\t\tpol\u00edtica de Garant\u00eda<br \/>\n\t\t\t\t<\/h3>\n<h3>\n\t\t\t\t\t\tCat\u00e1logo<br \/>\n\t\t\t\t<\/h3>\n<h3>\n\t\t\t\t\t\tLista de precios<br \/>\n\t\t\t\t<\/h3>\n<p>\t\t\t<a href=\"https:\/\/wa.me\/573238071921\" role=\"button\"><br \/>\n\t\t\t\t\t\tCOMPRA EN LINEA<br \/>\n\t\t\t\t\t<\/a><\/p>\n","protected":false},"excerpt":{"rendered":"<p>OCCIDENTAL DE TORNILLOS UNA EMPRESA CON MUCHOS HIERROS COMPRA EN LINEA sobre nosotros qui\u00e9nes somos Somos\u00a0 una empresa colombiana especializada en satisfacer las necesidades de nuestros clientes con productos de alta calidad acompa\u00f1ado de un excelente servicio. A trav\u00e9s de nuestro cat\u00e1logo somos el aliado estrat\u00e9gico perfecto para empresas en diferentes industrias. Los compromisos que &hellip;<\/p>\n<p class=\"read-more\"> <a class=\"\" href=\"https:\/\/occidentaldetornillos.com\/\"> <span class=\"screen-reader-text\">Sobre nosotros<\/span> Leer m\u00e1s &raquo;<\/a><\/p>\n","protected":false},"author":1,"featured_media":0,"parent":0,"menu_order":0,"comment_status":"closed","ping_status":"closed","template":"elementor_header_footer","meta":{"om_disable_all_campaigns":false,"_mi_skip_tracking":false,"site-sidebar-layout":"no-sidebar","site-content-layout":"page-builder","ast-main-header-display":"","ast-hfb-above-header-display":"","ast-hfb-below-header-display":"","ast-hfb-mobile-header-display":"","site-post-title":"disabled","ast-breadcrumbs-content":"","ast-featured-img":"disabled","footer-sml-layout":"","theme-transparent-header-meta":"","adv-header-id-meta":"","stick-header-meta":"","header-above-stick-meta":"","header-main-stick-meta":"","header-below-stick-meta":"","footnotes":""},"class_list":["post-116","page","type-page","status-publish","hentry"],"aioseo_notices":[],"_links":{"self":[{"href":"https:\/\/occidentaldetornillos.com\/index.php\/wp-json\/wp\/v2\/pages\/116"}],"collection":[{"href":"https:\/\/occidentaldetornillos.com\/index.php\/wp-json\/wp\/v2\/pages"}],"about":[{"href":"https:\/\/occidentaldetornillos.com\/index.php\/wp-json\/wp\/v2\/types\/page"}],"author":[{"embeddable":true,"href":"https:\/\/occidentaldetornillos.com\/index.php\/wp-json\/wp\/v2\/users\/1"}],"replies":[{"embeddable":true,"href":"https:\/\/occidentaldetornillos.com\/index.php\/wp-json\/wp\/v2\/comments?post=116"}],"version-history":[{"count":154,"href":"https:\/\/occidentaldetornillos.com\/index.php\/wp-json\/wp\/v2\/pages\/116\/revisions"}],"predecessor-version":[{"id":1933,"href":"https:\/\/occidentaldetornillos.com\/index.php\/wp-json\/wp\/v2\/pages\/116\/revisions\/1933"}],"wp:attachment":[{"href":"https:\/\/occidentaldetornillos.com\/index.php\/wp-json\/wp\/v2\/media?parent=116"}],"curies":[{"name":"wp","href":"https:\/\/api.w.org\/{rel}","templated":true}]}}