 {"id":136,"date":"2022-05-17T16:54:07","date_gmt":"2022-05-17T16:54:07","guid":{"rendered":"https:\/\/occidentaldetornillos.com\/?page_id=136"},"modified":"2023-08-28T14:06:56","modified_gmt":"2023-08-28T14:06:56","slug":"contactanos","status":"publish","type":"page","link":"https:\/\/occidentaldetornillos.com\/index.php\/contactanos\/","title":{"rendered":"Cont\u00e1ctanos"},"content":{"rendered":"<h1>informaci\u00f3n<\/h1>\n<h1>de contacto<\/h1>\n<h2>Cont\u00e1ctanos<\/h2>\n<p>Si necesitas generar un pedido, solicitar una cotizaci\u00f3n o pedir mayor informaci\u00f3n, puedes contactarnos a trav\u00e9s de:<\/p>\n<ul>\n<li>\n\t\t\t\t\t\t\t\t\t\t3238071921\n\t\t\t\t\t\t\t\t\t<\/li>\n<li>\n\t\t\t\t\t\t\t\t\t\t\t<a href=\"https:\/\/www.facebook.com\/\" target=\"_blank\" rel=\"noopener\"><br \/>\n\t\t\t\t\t\t\t\t\t\tingcoherramientasdelfuturo@gmail.com<br \/>\n\t\t\t\t\t\t\t\t\t\t\t<\/a>\n\t\t\t\t\t\t\t\t\t<\/li>\n<li>\n\t\t\t\t\t\t\t\t\t\tocci.de.tornillos@gmail.com\n\t\t\t\t\t\t\t\t\t<\/li>\n<li>\n\t\t\t\t\t\t\t\t\t\t@ingcoherramientasfuturo\n\t\t\t\t\t\t\t\t\t<\/li>\n<li>\n\t\t\t\t\t\t\t\t\t\t\t<a href=\"https:\/\/www.facebook.com\/profile.php?id=100093650320552\" target=\"_blank\" rel=\"noopener\"><br \/>\n\t\t\t\t\t\t\t\t\t\tHerramientas DEL Futuro<br \/>\n\t\t\t\t\t\t\t\t\t\t\t<\/a>\n\t\t\t\t\t\t\t\t\t<\/li>\n<\/ul>\n<form id=\"wpforms-form-139\" data-formid=\"139\" method=\"post\" enctype=\"multipart\/form-data\" action=\"\/wp-admin\/admin-ajax.php\" data-token=\"45cb776363f3f20d27c8367cc79b431d\"><noscript>Por favor, activa JavaScript en tu navegador para completar este formulario.<\/noscript><label for=\"wpforms-139-field_1\">Nombre *<\/label><input type=\"text\" id=\"wpforms-139-field_1\" name=\"wpforms[fields][1][first]\" required><label for=\"wpforms-139-field_1\">Nombre<\/label><input type=\"text\" id=\"wpforms-139-field_1-last\" name=\"wpforms[fields][1][last]\" required><label for=\"wpforms-139-field_1-last\">Apellidos<\/label><label for=\"wpforms-139-field_2\">Tel\u00e9fono *<\/label><input type=\"number\" pattern=\"d*\" id=\"wpforms-139-field_2\" name=\"wpforms[fields][2]\" required><label for=\"wpforms-139-field_3\">Correo electr\u00f3nico *<\/label><input type=\"email\" id=\"wpforms-139-field_3\" name=\"wpforms[fields][3]\" required><label for=\"wpforms-139-field_4\">Tu mensaje *<\/label><textarea id=\"wpforms-139-field_4\" name=\"wpforms[fields][4]\" required><\/textarea><input type=\"hidden\" name=\"wpforms[id]\" value=\"139\">\t\t\t<input\n\t\t\t\ttype=\"hidden\"\n\t\t\t\tname=\"wpforms[nonce]\"\n\t\t\t\tvalue=\"14740a4fe1\"\n\t\t\t\/><br \/>\n\t\t\t<input type=\"hidden\" name=\"wpforms[author]\" value=\"1\"><button type=\"submit\" name=\"wpforms[submit]\" id=\"wpforms-submit-139\" data-alt-text=\"Enviando...\" data-submit-text=\"Enviar\" aria-live=\"assertive\" value=\"wpforms-submit\">Enviar<\/button><img loading=\"lazy\" decoding=\"async\" src=\"https:\/\/occidentaldetornillos.com\/wp-content\/plugins\/wpforms-lite\/assets\/images\/submit-spin.svg\" style=\"display: none;\" width=\"26\" height=\"26\" alt=\"Cargando\"><\/form>\n<p>  <!-- .wpforms-container --><br \/>\n\t\t<!----------------------------- \n\t\t\t* controls_data : find the the props passed indie of data attribute\n\t\t\t* props.SubmitResponseMarkup : contains the markup of error or success message\n\t\t\t* https:\/\/developer.mozilla.org\/en-US\/docs\/Web\/JavaScript\/Reference\/Template_literals\n\t\t--------------------------- --><br \/>\n\t\t\t<iframe loading=\"lazy\"\n\t\t\t\t\tsrc=\"https:\/\/maps.google.com\/maps?q=fifth%20avenue%2C%20new%20york&#038;t=m&#038;z=16&#038;output=embed&#038;iwloc=near\"\n\t\t\t\t\ttitle=\"fifth avenue, new york\"\n\t\t\t\t\taria-label=\"fifth avenue, new york\"\n\t\t\t><\/iframe><\/p>\n","protected":false},"excerpt":{"rendered":"<p>informaci\u00f3n de contacto Cont\u00e1ctanos Si necesitas generar un pedido, solicitar una cotizaci\u00f3n o pedir mayor informaci\u00f3n, puedes contactarnos a trav\u00e9s de: 3238071921 ingcoherramientasdelfuturo@gmail.com occi.de.tornillos@gmail.com @ingcoherramientasfuturo Herramientas DEL Futuro Por favor, activa JavaScript en tu navegador para completar este formulario.Nombre *NombreApellidosTel\u00e9fono *Correo electr\u00f3nico *Tu mensaje * Enviar<\/p>\n","protected":false},"author":1,"featured_media":0,"parent":0,"menu_order":0,"comment_status":"closed","ping_status":"closed","template":"elementor_header_footer","meta":{"om_disable_all_campaigns":false,"_mi_skip_tracking":false,"site-sidebar-layout":"no-sidebar","site-content-layout":"page-builder","ast-main-header-display":"","ast-hfb-above-header-display":"","ast-hfb-below-header-display":"","ast-hfb-mobile-header-display":"","site-post-title":"disabled","ast-breadcrumbs-content":"","ast-featured-img":"disabled","footer-sml-layout":"","theme-transparent-header-meta":"","adv-header-id-meta":"","stick-header-meta":"","header-above-stick-meta":"","header-main-stick-meta":"","header-below-stick-meta":"","footnotes":""},"class_list":["post-136","page","type-page","status-publish","hentry"],"aioseo_notices":[],"_links":{"self":[{"href":"https:\/\/occidentaldetornillos.com\/index.php\/wp-json\/wp\/v2\/pages\/136"}],"collection":[{"href":"https:\/\/occidentaldetornillos.com\/index.php\/wp-json\/wp\/v2\/pages"}],"about":[{"href":"https:\/\/occidentaldetornillos.com\/index.php\/wp-json\/wp\/v2\/types\/page"}],"author":[{"embeddable":true,"href":"https:\/\/occidentaldetornillos.com\/index.php\/wp-json\/wp\/v2\/users\/1"}],"replies":[{"embeddable":true,"href":"https:\/\/occidentaldetornillos.com\/index.php\/wp-json\/wp\/v2\/comments?post=136"}],"version-history":[{"count":22,"href":"https:\/\/occidentaldetornillos.com\/index.php\/wp-json\/wp\/v2\/pages\/136\/revisions"}],"predecessor-version":[{"id":1675,"href":"https:\/\/occidentaldetornillos.com\/index.php\/wp-json\/wp\/v2\/pages\/136\/revisions\/1675"}],"wp:attachment":[{"href":"https:\/\/occidentaldetornillos.com\/index.php\/wp-json\/wp\/v2\/media?parent=136"}],"curies":[{"name":"wp","href":"https:\/\/api.w.org\/{rel}","templated":true}]}}