 {"id":1645,"date":"2023-08-15T14:19:18","date_gmt":"2023-08-15T14:19:18","guid":{"rendered":"https:\/\/occidentaldetornillos.com\/?post_type=product&#038;p=1645"},"modified":"2023-08-15T14:19:19","modified_gmt":"2023-08-15T14:19:19","slug":"nivel-laser-auto-nivelante","status":"publish","type":"product","link":"https:\/\/occidentaldetornillos.com\/index.php\/producto\/nivel-laser-auto-nivelante\/","title":{"rendered":"NIVEL LASER AUTO-NIVELANTE"},"content":{"rendered":"<p>Rango de trabajo: 0 ~ 15 m<br \/>\nPrecisi\u00f3n de nivelaci\u00f3n: \u00b1 1,5 mm a 5 m<br \/>\nPrecisi\u00f3n de l\u00ednea \u00b1 1,5 mm a 5 m<br \/>\nTipo de l\u00e1ser 650nm<br \/>\nSin tr\u00edpodes, combina con tr\u00edpodes HLLT01152<br \/>\nCon funci\u00f3n de l\u00ednea horizontal y vertical<br \/>\nCon funci\u00f3n de bloqueo cruzado<br \/>\nPilas AA (1,5 V) * 3<br \/>\nDimensiones (Al \u00d7 Pr \u00d7 An) 98 \u00d7 58 \u00d7 96 mm<\/p>\n","protected":false},"excerpt":{"rendered":"<p>Rango de trabajo: 0~15 m<br \/>\n\u00c1ngulo autonivelante \u22644\u00b0<br \/>\nTiempo de nivelaci\u00f3n&lt;4s<br \/>\nCon im\u00e1n<br \/>\nCon agujero para colgar<\/p>\n<p>&nbsp;<\/p>\n","protected":false},"featured_media":1646,"comment_status":"open","ping_status":"closed","template":"","meta":{"om_disable_all_campaigns":false,"_mi_skip_tracking":false,"site-sidebar-layout":"default","site-content-layout":"default","ast-main-header-display":"","ast-hfb-above-header-display":"","ast-hfb-below-header-display":"","ast-hfb-mobile-header-display":"","site-post-title":"","ast-breadcrumbs-content":"","ast-featured-img":"","footer-sml-layout":"","theme-transparent-header-meta":"default","adv-header-id-meta":"","stick-header-meta":"","header-above-stick-meta":"","header-main-stick-meta":"","header-below-stick-meta":""},"product_cat":[98],"product_tag":[],"class_list":["post-1645","product","type-product","status-publish","has-post-thumbnail","hentry","product_cat-herramienta-de-medicion"],"aioseo_notices":[],"_links":{"self":[{"href":"https:\/\/occidentaldetornillos.com\/index.php\/wp-json\/wp\/v2\/product\/1645"}],"collection":[{"href":"https:\/\/occidentaldetornillos.com\/index.php\/wp-json\/wp\/v2\/product"}],"about":[{"href":"https:\/\/occidentaldetornillos.com\/index.php\/wp-json\/wp\/v2\/types\/product"}],"replies":[{"embeddable":true,"href":"https:\/\/occidentaldetornillos.com\/index.php\/wp-json\/wp\/v2\/comments?post=1645"}],"wp:featuredmedia":[{"embeddable":true,"href":"https:\/\/occidentaldetornillos.com\/index.php\/wp-json\/wp\/v2\/media\/1646"}],"wp:attachment":[{"href":"https:\/\/occidentaldetornillos.com\/index.php\/wp-json\/wp\/v2\/media?parent=1645"}],"wp:term":[{"taxonomy":"product_cat","embeddable":true,"href":"https:\/\/occidentaldetornillos.com\/index.php\/wp-json\/wp\/v2\/product_cat?post=1645"},{"taxonomy":"product_tag","embeddable":true,"href":"https:\/\/occidentaldetornillos.com\/index.php\/wp-json\/wp\/v2\/product_tag?post=1645"}],"curies":[{"name":"wp","href":"https:\/\/api.w.org\/{rel}","templated":true}]}}